{"id":6,"date":"2021-12-02T14:40:03","date_gmt":"2021-12-02T13:40:03","guid":{"rendered":"http:\/\/samplearchitectures.com\/?page_id=6"},"modified":"2024-01-26T18:40:35","modified_gmt":"2024-01-26T17:40:35","slug":"agence","status":"publish","type":"page","link":"https:\/\/samplearchitectures.com\/index.php\/agence\/","title":{"rendered":"Agence"},"content":{"rendered":"\n<div style=\"height:37px\" aria-hidden=\"true\" class=\"wp-block-spacer\"><\/div>\n\n\n\n<h1>Agence<\/h1>\n\n\n\n<p>\u00c9lodie Laurent et Marta Arrondo se rencontrent en 2018, \u00e0 Lyon, lors d\u2019une collaboration au sein de l\u2019atelier R\u00e9gis Gachon Architecte. Compl\u00e9mentaires et attach\u00e9es \u00e0 un suivi rigoureux du projet dans toutes ses phases, l\u2019id\u00e9e d\u2019un partenariat appara\u00eet peu \u00e0 peu comme une \u00e9vidence.<\/p>\n\n\n\n<p>Apr\u00e8s deux ann\u00e9es de collaboration \u00e0 quatre mains, na\u00eet en 2022 Sample Architectures. <br>Derri\u00e8re ce nom, il y a une sonorit\u00e9 plaisante et surtout une conscience partag\u00e9e de l\u2019existant et de ceux qui l\u2019habitent. <br>Les interventions men\u00e9es sont travaill\u00e9es en r\u00e9sonance avec le contexte, les habitants et les enjeux de notre temps. Nous sommes soucieuses de la prise en compte du d\u00e9j\u00e0-l\u00e0 et du v\u00e9cu. Ces donn\u00e9es contribuent \u00e0 la d\u00e9finition de la ligne de conduite du projet. Ceci dans le but de composer des ancrages p\u00e9rennes.<\/p>\n\n\n\n<p>Aujourd\u2019hui, les sujets trait\u00e9s sont principalement concentr\u00e9s autour du logement, qu\u2019il soit individuel ou collectif. Les \u00e9chelles appr\u00e9hend\u00e9es sont multiples et varient de la pi\u00e8ce \u00e0 vivre \u00e0 la pi\u00e8ce urbaine.<br>Leurs localit\u00e9s sont aussi diverses et nous questionnent sur la conception de l\u2019habitat dans le territoire o\u00f9 ils s\u2019inscrivent, qu\u2019il soit urbain, p\u00e9riurbain ou rural. Cet \u00e9chantillonnage de situations favorise l\u2019exp\u00e9rimentation et la recherche de solutions adapt\u00e9es.<br> <br>Nous accordons une attention particuli\u00e8re \u00e0 la transmission des projets que nous d\u00e9veloppons : la narration graphique singuli\u00e8re mise en place facilite la projection et l&#8217;appropriation des usages, des mat\u00e9rialit\u00e9s et des spatialit\u00e9s par les futurs usagers.<\/p>\n\n\n\n<p>La d\u00e9finition du d\u00e9tail et son suivi pendant la phase chantier est une garantie de la coh\u00e9rence du processus. Nous tenons \u00e0 nous entourer d\u2019artisans engag\u00e9s et soucieux de faire bien. De ces collaborations volontaires, la transmission devient fluide et la mat\u00e9rialisation du projet s\u2019enrichit de ces savoirs faire partag\u00e9s.<\/p>\n\n\n\n<p>Nous saisissons l\u2019enjeu de ce que nous produisons dans un contexte marqu\u00e9 par les turbulences climatiques et \u00e9conomiques. Au fur et \u00e0 mesure des projets, notre mani\u00e8re de construire s&#8217;adapte et int\u00e8gre, de mani\u00e8re r\u00e9aliste, une approche et une mat\u00e9rialit\u00e9 plus soucieuses de l\u2019environnement.<\/p>\n\n\n\n<p>Ces d\u00e9marches s\u2019ajoutent \u00e0 une recherche du bon sens et du bien vivre.<\/p>\n\n\n\n<div style=\"height:40px\" aria-hidden=\"true\" class=\"wp-block-spacer\"><\/div>\n\n\n\n<div class=\"is-layout-flex wp-container-5 wp-block-columns\">\n<div class=\"is-layout-flow wp-block-column\">\n<figure class=\"is-layout-flex wp-block-gallery-1 wp-block-gallery has-nested-images columns-default is-cropped\">\n<figure class=\"wp-block-image size-large\"><img decoding=\"async\" loading=\"lazy\" width=\"1024\" height=\"644\" src=\"https:\/\/samplearchitectures.com\/wp-content\/uploads\/2024\/01\/Sample-architectures-lettre-1024x644.jpg\" alt=\"\" class=\"wp-image-788\" srcset=\"https:\/\/samplearchitectures.com\/wp-content\/uploads\/2024\/01\/Sample-architectures-lettre-1024x644.jpg 1024w, https:\/\/samplearchitectures.com\/wp-content\/uploads\/2024\/01\/Sample-architectures-lettre-300x189.jpg 300w, https:\/\/samplearchitectures.com\/wp-content\/uploads\/2024\/01\/Sample-architectures-lettre-768x483.jpg 768w, https:\/\/samplearchitectures.com\/wp-content\/uploads\/2024\/01\/Sample-architectures-lettre-1536x966.jpg 1536w, https:\/\/samplearchitectures.com\/wp-content\/uploads\/2024\/01\/Sample-architectures-lettre.jpg 1905w\" sizes=\"(max-width: 1024px) 100vw, 1024px\" \/><\/figure>\n<\/figure>\n<\/div>\n\n\n\n<div class=\"is-layout-flow wp-block-column\">\n<h2><strong>\u00c9quipe<\/strong><\/h2>\n\n\n\n<p><strong>Marta Arrondo<\/strong>, Architecte DE HMONP, associ\u00e9e<br><strong>\u00c9lodie Laurent<\/strong>,&nbsp;Architecte DE HMONP, associ\u00e9e<br><strong>Camille Po\u00ebzevara<\/strong>, Architecte DE, collaboratrice.<\/p>\n\n\n\n<div style=\"height:7px\" aria-hidden=\"true\" class=\"wp-block-spacer\"><\/div>\n\n\n\n<h2><strong>Contact<\/strong><\/h2>\n\n\n\n<p><a href=\"mailto:contact@samplearchitectures.com\">contact[@]samplearchitectures.com<\/a>&nbsp; <br>04.78.11.93.04<br>121, grande rue de la Guilloti\u00e8re, 69007 Lyon<\/p>\n\n\n\n<p style=\"font-size:11px\">_<br><strong>Copyright<\/strong><br>Tous les documents publi\u00e9s sur ce site sont la propri\u00e9t\u00e9 intellectuelle et commerciale de SAMPLE Architectures et ne peuvent \u00eatre utilis\u00e9s, publi\u00e9s ou copi\u00e9s sans la permission de l&#8217;agence.<\/p>\n<\/div>\n<\/div>\n\n\n\n<p><\/p>\n","protected":false},"excerpt":{"rendered":"<p>Agence \u00c9lodie Laurent et Marta Arrondo se rencontrent en 2018, \u00e0 Lyon, lors d\u2019une collaboration au sein de l\u2019atelier R\u00e9gis Gachon Architecte. Compl\u00e9mentaires et attach\u00e9es \u00e0 un suivi rigoureux du projet dans toutes ses phases, l\u2019id\u00e9e d\u2019un partenariat appara\u00eet peu \u00e0 peu comme une \u00e9vidence. Apr\u00e8s deux ann\u00e9es de collaboration \u00e0 quatre mains, na\u00eet en [&hellip;]<\/p>\n","protected":false},"author":2,"featured_media":0,"parent":0,"menu_order":0,"comment_status":"closed","ping_status":"closed","template":"","meta":[],"_links":{"self":[{"href":"https:\/\/samplearchitectures.com\/index.php\/wp-json\/wp\/v2\/pages\/6"}],"collection":[{"href":"https:\/\/samplearchitectures.com\/index.php\/wp-json\/wp\/v2\/pages"}],"about":[{"href":"https:\/\/samplearchitectures.com\/index.php\/wp-json\/wp\/v2\/types\/page"}],"author":[{"embeddable":true,"href":"https:\/\/samplearchitectures.com\/index.php\/wp-json\/wp\/v2\/users\/2"}],"replies":[{"embeddable":true,"href":"https:\/\/samplearchitectures.com\/index.php\/wp-json\/wp\/v2\/comments?post=6"}],"version-history":[{"count":52,"href":"https:\/\/samplearchitectures.com\/index.php\/wp-json\/wp\/v2\/pages\/6\/revisions"}],"predecessor-version":[{"id":795,"href":"https:\/\/samplearchitectures.com\/index.php\/wp-json\/wp\/v2\/pages\/6\/revisions\/795"}],"wp:attachment":[{"href":"https:\/\/samplearchitectures.com\/index.php\/wp-json\/wp\/v2\/media?parent=6"}],"curies":[{"name":"wp","href":"https:\/\/api.w.org\/{rel}","templated":true}]}}