{"id":146,"date":"2022-03-14T17:43:35","date_gmt":"2022-03-14T16:43:35","guid":{"rendered":"http:\/\/samplearchitectures.com\/?page_id=146"},"modified":"2023-03-06T15:03:42","modified_gmt":"2023-03-06T14:03:42","slug":"projets-2","status":"publish","type":"page","link":"https:\/\/samplearchitectures.com\/","title":{"rendered":"Projets"},"content":{"rendered":"\n<div class=\"is-layout-flex wp-container-5 wp-block-columns\">\n<div class=\"is-layout-flow wp-block-column\"><a class=\"iheg-wrapper\" href=\"https:\/\/samplearchitectures.com\/index.php\/2022\/06\/02\/r14-renovation-complete-dun-appartement-canut\/\"  ><div class=\"eihe-box eihe-fade\" style=\"background: rgba(255,255,255,1);\"><img decoding=\"async\" src=\"https:\/\/samplearchitectures.com\/wp-content\/uploads\/2022\/10\/R14.jpg\" alt=\"\"\/><div class=\"eihe-caption\" style=\"background: rgba(255,255,255,1);\"><div class=\"eihe-title-cover\"><h3 class=\"eihe-title\"><\/h3>\t<\/div><p style=\"color: rgba(0,0,0,1);font-size: 13px;\"><strong>R14<\/strong> r\u00e9novation compl\u00e8te d\u2019un appartement canut<\/p><\/div><\/div><\/a>\n\n\n<div style=\"height:25px\" aria-hidden=\"true\" class=\"wp-block-spacer\"><\/div>\n\n\n<div class=\"iheg-wrapper\"><div class=\"eihe-box eihe-fade\" style=\"background: rgba(255,255,255,1);\"><img decoding=\"async\" src=\"https:\/\/samplearchitectures.com\/wp-content\/uploads\/2022\/11\/ER09.jpg\" alt=\"\"\/><div class=\"eihe-caption\" style=\"background: rgba(255,255,255,1);\"><div class=\"eihe-title-cover\"><h3 class=\"eihe-title\"><\/h3>\t<\/div><p style=\"color: rgba(0,0,0,1);font-size: 13px;\"><strong>ER09<\/strong> extension et r\u00e9novation d&#8217;une maison <em>(\u00e0 venir)<\/em><\/p><\/div><\/div><\/div>\n\n\n<div style=\"height:25px\" aria-hidden=\"true\" class=\"wp-block-spacer\"><\/div>\n\n\n<a class=\"iheg-wrapper\" href=\"https:\/\/samplearchitectures.com\/index.php\/2022\/10\/27\/sr04-surelevation-et-renovation-dune-maison\/\"  ><div class=\"eihe-box eihe-fade\" style=\"background: rgba(255,255,255,1);\"><img decoding=\"async\" src=\"https:\/\/samplearchitectures.com\/wp-content\/uploads\/2022\/11\/SR04-2.jpg\" alt=\"\"\/><div class=\"eihe-caption\" style=\"background: rgba(255,255,255,1);\"><div class=\"eihe-title-cover\"><h3 class=\"eihe-title\"><\/h3>\t<\/div><p style=\"color: rgba(0,0,0,1);font-size: 13px;\"><strong>SR04<\/strong> sur\u00e9l\u00e9vation et r\u00e9novation d\u2019une maison<\/p><\/div><\/div><\/a>\n\n\n<div style=\"height:25px\" aria-hidden=\"true\" class=\"wp-block-spacer\"><\/div>\n\n\n<a class=\"iheg-wrapper\" href=\"https:\/\/samplearchitectures.com\/index.php\/2022\/04\/07\/r01-renovation-dun-appartement-canut\/\"  ><div class=\"eihe-box eihe-fade\" style=\"background: rgba(255,255,255,1);\"><img decoding=\"async\" src=\"https:\/\/samplearchitectures.com\/wp-content\/uploads\/2022\/04\/R012-1.jpg\" alt=\"\"\/><div class=\"eihe-caption\" style=\"background: rgba(255,255,255,1);\"><div class=\"eihe-title-cover\"><h3 class=\"eihe-title\"><\/h3>\t<\/div><p style=\"color: rgba(0,0,0,1);font-size: 13px;\"><strong>R01<\/strong> r\u00e9novation d&#8217;un appartement canut<\/p><\/div><\/div><\/a>\n\n\n<div style=\"height:25px\" aria-hidden=\"true\" class=\"wp-block-spacer\"><\/div>\n\n\n<div class=\"iheg-wrapper\"><div class=\"eihe-box eihe-fade\" style=\"background: rgba(255,255,255,1);\"><img decoding=\"async\" src=\"https:\/\/samplearchitectures.com\/wp-content\/uploads\/2023\/02\/SR02.jpg\" alt=\"\"\/><div class=\"eihe-caption\" style=\"background: rgba(255,255,255,1);\"><div class=\"eihe-title-cover\"><h3 class=\"eihe-title\"><\/h3>\t<\/div><p style=\"color: rgba(0,0,0,1);font-size: 13px;\"><strong>SR02<\/strong> sur\u00e9l\u00e9vation d&#8217;une maison <em>(\u00e0 venir)<\/em><\/p><\/div><\/div><\/div><\/div>\n\n\n\n<div class=\"is-layout-flow wp-block-column\"><div class=\"iheg-wrapper\"><div class=\"eihe-box eihe-fade\" style=\"background: rgba(255,255,255,1);\"><img decoding=\"async\" src=\"https:\/\/samplearchitectures.com\/wp-content\/uploads\/2022\/11\/R17.jpg\" alt=\"\"\/><div class=\"eihe-caption\" style=\"background: rgba(255,255,255,1);\"><div class=\"eihe-title-cover\"><h3 class=\"eihe-title\"><\/h3>\t<\/div><p style=\"color: rgba(0,0,0,1);font-size: 13px;\">R17 r\u00e9novation des parties communes d&#8217;un immeuble <em>(\u00e0 venir)<\/em><\/p><\/div><\/div><\/div>\n\n\n<div style=\"height:25px\" aria-hidden=\"true\" class=\"wp-block-spacer\"><\/div>\n\n\n<a class=\"iheg-wrapper\" href=\"https:\/\/samplearchitectures.com\/index.php\/2022\/06\/02\/sr01-surelevation-partielle-et-renovation-dune-maison-individuelle\/\"  ><div class=\"eihe-box eihe-fade\" style=\"background: rgba(255,255,255,1);\"><img decoding=\"async\" src=\"https:\/\/samplearchitectures.com\/wp-content\/uploads\/2022\/11\/SR01-1.jpg\" alt=\"\"\/><div class=\"eihe-caption\" style=\"background: rgba(255,255,255,1);\"><div class=\"eihe-title-cover\"><h3 class=\"eihe-title\"><\/h3>\t<\/div><p style=\"color: rgba(0,0,0,1);font-size: 13px;\"><strong>SR01<\/strong> sur\u00e9l\u00e9vation et r\u00e9novation d\u2019une maison individuelle<\/p><\/div><\/div><\/a>\n\n\n<div style=\"height:25px\" aria-hidden=\"true\" class=\"wp-block-spacer\"><\/div>\n\n\n<a class=\"iheg-wrapper\" href=\"https:\/\/samplearchitectures.com\/index.php\/2022\/04\/07\/rc01-reconversion-dun-ancien-site-industriel\/\"  ><div class=\"eihe-box eihe-fade\" style=\"background: rgba(255,255,255,1);\"><img decoding=\"async\" src=\"https:\/\/samplearchitectures.com\/wp-content\/uploads\/2022\/10\/RRE01.jpg\" alt=\"\"\/><div class=\"eihe-caption\" style=\"background: rgba(255,255,255,1);\"><div class=\"eihe-title-cover\"><h3 class=\"eihe-title\"><\/h3>\t<\/div><p style=\"color: rgba(0,0,0,1);font-size: 13px;\"><strong>RC01<\/strong> reconversion d&#8217;un ancien site industriel<\/p><\/div><\/div><\/a>\n\n\n<div style=\"height:25px\" aria-hidden=\"true\" class=\"wp-block-spacer\"><\/div>\n\n\n<a class=\"iheg-wrapper\" href=\"https:\/\/samplearchitectures.com\/index.php\/2022\/12\/05\/c01-construction-neuve-a-pollionnay\/\"  ><div class=\"eihe-box eihe-fade\" style=\"background: rgba(255,255,255,1);\"><img decoding=\"async\" src=\"https:\/\/samplearchitectures.com\/wp-content\/uploads\/2022\/12\/C01.jpg\" alt=\"\"\/><div class=\"eihe-caption\" style=\"background: rgba(255,255,255,1);\"><div class=\"eihe-title-cover\"><h3 class=\"eihe-title\"><\/h3>\t<\/div><p style=\"color: rgba(0,0,0,1);font-size: 13px;\"><strong>C01<\/strong> construction neuve \u00e0 Pollionnay<\/p><\/div><\/div><\/a>\n\n\n<div style=\"height:25px\" aria-hidden=\"true\" class=\"wp-block-spacer\"><\/div>\n\n\n<div class=\"iheg-wrapper\"><div class=\"eihe-box eihe-fade\" style=\"background: rgba(255,255,255,1);\"><img decoding=\"async\" src=\"https:\/\/samplearchitectures.com\/wp-content\/uploads\/2023\/02\/E05.jpg\" alt=\"\"\/><div class=\"eihe-caption\" style=\"background: rgba(255,255,255,1);\"><div class=\"eihe-title-cover\"><h3 class=\"eihe-title\"><\/h3>\t<\/div><p style=\"color: rgba(0,0,0,1);font-size: 13px;\"><strong>E05<\/strong> extension d\u2019une<br>long\u00e8re <em>(\u00e0 venir)<\/em><\/p><\/div><\/div><\/div>\n\n\n<div style=\"height:25px\" aria-hidden=\"true\" class=\"wp-block-spacer\"><\/div>\n\n\n\n<p><br><\/p>\n<\/div>\n\n\n\n<div class=\"is-layout-flow wp-block-column\"><div class=\"iheg-wrapper\"><div class=\"eihe-box eihe-fade\" style=\"background: rgba(255,255,255,1);\"><img decoding=\"async\" src=\"https:\/\/samplearchitectures.com\/wp-content\/uploads\/2022\/11\/E06.jpg\" alt=\"\"\/><div class=\"eihe-caption\" style=\"background: rgba(255,255,255,1);\"><div class=\"eihe-title-cover\"><h3 class=\"eihe-title\"><\/h3>\t<\/div><p style=\"color: rgba(0,0,0,1);font-size: 13px;\"><strong>E06<\/strong> extension d&#8217;une maison ann\u00e9e 30<em> (\u00e0 venir)<\/em><\/p><\/div><\/div><\/div>\n\n\n<div style=\"height:25px\" aria-hidden=\"true\" class=\"wp-block-spacer\"><\/div>\n\n\n<a class=\"iheg-wrapper\" href=\"https:\/\/samplearchitectures.com\/index.php\/2023\/01\/23\/r15-renovation-dun-appartement\/\"  ><div class=\"eihe-box eihe-fade\" style=\"background: rgba(255,255,255,1);\"><img decoding=\"async\" src=\"https:\/\/samplearchitectures.com\/wp-content\/uploads\/2022\/12\/R15.jpg\" alt=\"\"\/><div class=\"eihe-caption\" style=\"background: rgba(255,255,255,1);\"><div class=\"eihe-title-cover\"><h3 class=\"eihe-title\"><\/h3>\t<\/div><p style=\"color: rgba(0,0,0,1);font-size: 13px;\"><strong>R15<\/strong> r\u00e9novation d&#8217;un appartement<\/p><\/div><\/div><\/a>\n\n\n<div style=\"height:25px\" aria-hidden=\"true\" class=\"wp-block-spacer\"><\/div>\n\n\n<div class=\"iheg-wrapper\"><div class=\"eihe-box eihe-fade\" style=\"background: rgba(255,255,255,1);\"><img decoding=\"async\" src=\"https:\/\/samplearchitectures.com\/wp-content\/uploads\/2022\/11\/R16.jpg\" alt=\"\"\/><div class=\"eihe-caption\" style=\"background: rgba(255,255,255,1);\"><div class=\"eihe-title-cover\"><h3 class=\"eihe-title\"><\/h3>\t<\/div><p style=\"color: rgba(0,0,0,1);font-size: 13px;\"><a rel=\"noreferrer noopener\" href=\"https:\/\/samplearchitectures.com\/index.php\/2022\/06\/02\/r14-renovation-complete-dun-appartement-canut\/\" target=\"_blank\"><\/a><a rel=\"noreferrer noopener\" href=\"https:\/\/samplearchitectures.com\/index.php\/2022\/04\/07\/r01-renovation-dun-appartement-canut\/\" target=\"_blank\"><\/a>R16<a rel=\"noreferrer noopener\" href=\"https:\/\/samplearchitectures.com\/index.php\/2021\/12\/30\/er06-extension-et-renovation-partielle-dune-maison-de-ville\/\" target=\"_blank\"><\/a> r\u00e9novation int\u00e9rieure d&#8217;une maison basque <em>(\u00e0 venir)<\/em><\/p><\/div><\/div><\/div>\n\n\n<div style=\"height:25px\" aria-hidden=\"true\" class=\"wp-block-spacer\"><\/div>\n\n\n<div class=\"iheg-wrapper\"><div class=\"eihe-box eihe-fade\" style=\"background: rgba(255,255,255,1);\"><img decoding=\"async\" src=\"https:\/\/samplearchitectures.com\/wp-content\/uploads\/2022\/12\/C03.jpg\" alt=\"\"\/><div class=\"eihe-caption\" style=\"background: rgba(255,255,255,1);\"><div class=\"eihe-title-cover\"><h3 class=\"eihe-title\"><\/h3>\t<\/div><p style=\"color: rgba(0,0,0,1);font-size: 13px;\"><strong>C03<\/strong> construction d&#8217;un immeuble de faubourg <em>(\u00e0 venir)<\/em><\/p><\/div><\/div><\/div>\n\n\n<div style=\"height:25px\" aria-hidden=\"true\" class=\"wp-block-spacer\"><\/div>\n<\/div>\n\n\n\n<div class=\"is-layout-flow wp-block-column\"><a class=\"iheg-wrapper\" href=\"https:\/\/samplearchitectures.com\/index.php\/2022\/06\/02\/er07-extension-et-renovation-dune-maison-groupee\/\"  ><div class=\"eihe-box eihe-fade\" style=\"background: rgba(255,255,255,1);\"><img decoding=\"async\" src=\"https:\/\/samplearchitectures.com\/wp-content\/uploads\/2022\/06\/ER07-3.jpg\" alt=\"\"\/><div class=\"eihe-caption\" style=\"background: rgba(255,255,255,1);\"><div class=\"eihe-title-cover\"><h3 class=\"eihe-title\"><\/h3>\t<\/div><p style=\"color: rgba(0,0,0,1);font-size: 13px;\"><strong>ER07<\/strong> extension et r\u00e9novation d\u2019une maison group\u00e9e<\/p><\/div><\/div><\/a>\n\n\n<div style=\"height:25px\" aria-hidden=\"true\" class=\"wp-block-spacer\"><\/div>\n\n\n<a class=\"iheg-wrapper\" href=\"https:\/\/samplearchitectures.com\/index.php\/2022\/12\/05\/c04-etudes-de-faisabilite-dun-tenement-logements-et-artisanat\/\"  ><div class=\"eihe-box eihe-fade\" style=\"background: rgba(255,255,255,1);\"><img decoding=\"async\" src=\"https:\/\/samplearchitectures.com\/wp-content\/uploads\/2022\/12\/C04-2.jpg\" alt=\"\"\/><div class=\"eihe-caption\" style=\"background: rgba(255,255,255,1);\"><div class=\"eihe-title-cover\"><h3 class=\"eihe-title\"><\/h3>\t<\/div><p style=\"color: rgba(0,0,0,1);font-size: 13px;\"><strong>C04<\/strong> construction de logements et d\u2019infrastructures d\u2019activit\u00e9s<\/p><\/div><\/div><\/a>\n\n\n<div style=\"height:25px\" aria-hidden=\"true\" class=\"wp-block-spacer\"><\/div>\n\n\n<a class=\"iheg-wrapper\" href=\"https:\/\/samplearchitectures.com\/index.php\/2021\/12\/30\/er06-extension-et-renovation-partielle-dune-maison-de-ville\/\"  ><div class=\"eihe-box eihe-fade\" style=\"background: rgba(255,255,255,1);\"><img decoding=\"async\" src=\"https:\/\/samplearchitectures.com\/wp-content\/uploads\/2022\/10\/ER06.jpg\" alt=\"\"\/><div class=\"eihe-caption\" style=\"background: rgba(255,255,255,1);\"><div class=\"eihe-title-cover\"><h3 class=\"eihe-title\"><\/h3>\t<\/div><p style=\"color: rgba(0,0,0,1);font-size: 13px;\"><strong>ER06<\/strong> extension et r\u00e9novation partielle d\u2019une maison de ville<\/p><\/div><\/div><\/a>\n\n\n<div style=\"height:25px\" aria-hidden=\"true\" class=\"wp-block-spacer\"><\/div>\n\n\n<div class=\"iheg-wrapper\"><div class=\"eihe-box eihe-fade\" style=\"background: rgba(255,255,255,1);\"><img decoding=\"async\" src=\"https:\/\/samplearchitectures.com\/wp-content\/uploads\/2023\/02\/R20.jpg\" alt=\"\"\/><div class=\"eihe-caption\" style=\"background: rgba(255,255,255,1);\"><div class=\"eihe-title-cover\"><h3 class=\"eihe-title\"><\/h3>\t<\/div><p style=\"color: rgba(0,0,0,1);font-size: 13px;\"><strong>R20<\/strong> r\u00e9novation partielle d&#8217;un appartement <em>(\u00e0 venir)<\/em><\/p><\/div><\/div><\/div>\n\n\n<div style=\"height:25px\" aria-hidden=\"true\" class=\"wp-block-spacer\"><\/div>\n\n\n<a class=\"iheg-wrapper\" href=\"https:\/\/samplearchitectures.com\/index.php\/2023\/02\/13\/er04-renovation-complete-dune-maison-phenix\/\"  ><div class=\"eihe-box eihe-fade\" style=\"background: rgba(255,255,255,1);\"><img decoding=\"async\" src=\"https:\/\/samplearchitectures.com\/wp-content\/uploads\/2023\/02\/ER04bisbis.jpg\" alt=\"\"\/><div class=\"eihe-caption\" style=\"background: rgba(255,255,255,1);\"><div class=\"eihe-title-cover\"><h3 class=\"eihe-title\"><\/h3>\t<\/div><p style=\"color: rgba(0,0,0,1);font-size: 13px;\"><strong>R13<\/strong> r\u00e9novation compl\u00e8te d\u2019une maison ph\u00e9nix<\/p><\/div><\/div><\/a><\/div>\n<\/div>\n\n\n\n<p><\/p>\n","protected":false},"excerpt":{"rendered":"","protected":false},"author":2,"featured_media":0,"parent":0,"menu_order":0,"comment_status":"closed","ping_status":"closed","template":"","meta":[],"_links":{"self":[{"href":"https:\/\/samplearchitectures.com\/index.php\/wp-json\/wp\/v2\/pages\/146"}],"collection":[{"href":"https:\/\/samplearchitectures.com\/index.php\/wp-json\/wp\/v2\/pages"}],"about":[{"href":"https:\/\/samplearchitectures.com\/index.php\/wp-json\/wp\/v2\/types\/page"}],"author":[{"embeddable":true,"href":"https:\/\/samplearchitectures.com\/index.php\/wp-json\/wp\/v2\/users\/2"}],"replies":[{"embeddable":true,"href":"https:\/\/samplearchitectures.com\/index.php\/wp-json\/wp\/v2\/comments?post=146"}],"version-history":[{"count":111,"href":"https:\/\/samplearchitectures.com\/index.php\/wp-json\/wp\/v2\/pages\/146\/revisions"}],"predecessor-version":[{"id":772,"href":"https:\/\/samplearchitectures.com\/index.php\/wp-json\/wp\/v2\/pages\/146\/revisions\/772"}],"wp:attachment":[{"href":"https:\/\/samplearchitectures.com\/index.php\/wp-json\/wp\/v2\/media?parent=146"}],"curies":[{"name":"wp","href":"https:\/\/api.w.org\/{rel}","templated":true}]}}